{"id":1983,"date":"2021-04-22T15:38:17","date_gmt":"2021-04-22T13:38:17","guid":{"rendered":"https:\/\/www.raubacher-hoehe.de\/restaurant-pension-biergarten\/?page_id=1983"},"modified":"2026-03-13T07:56:51","modified_gmt":"2026-03-13T06:56:51","slug":"speisekarte-und-getraenke","status":"publish","type":"page","link":"https:\/\/www.raubacher-hoehe.de\/restaurant-pension-biergarten\/speisekarte-und-getraenke\/","title":{"rendered":"Speise- und Getr\u00e4nkekarte"},"content":{"rendered":"<h3>Unsere aktuellen Speisekarten:<\/h3>\n<p style=\"text-align: left; margin: 0;\"><strong>Mit Tischreservierung und Vorbestellung sind sie auf der sicheren Seite.<\/strong><\/p>\n<p>&nbsp;<\/p>\n<p><span style=\"font-size: 24pt;\"><em><strong><a style=\"font-weight: bold;\" href=\"#Speisen\">Speisen<\/a><\/strong><\/em><\/span><\/p>\n<p><a href=\"#getraenke\"><span style=\"font-size: 24pt;\"><em><strong>Getr\u00e4nke<\/strong><\/em><\/span><\/a><\/p>\n<div class=\"wp-block-image\"><a href=\"https:\/\/www.raubacher-hoehe.de\/restaurant-pension-biergarten\/wp-content\/uploads\/2026\/03\/Speiskarte-Maerz-2026.jpg\"><img loading=\"lazy\" decoding=\"async\" class=\"wpa-warning wpa-image-missing-alt aligncenter wp-image-2719 size-full\" src=\"https:\/\/www.raubacher-hoehe.de\/restaurant-pension-biergarten\/wp-content\/uploads\/2026\/03\/Speiskarte-Maerz-2026.jpg\" alt=\"Speisekarte Raubacher H\u00f6he M\u00e4rz 2026\" width=\"1600\" height=\"1137\" data-warning=\"Missing alt text\" srcset=\"https:\/\/www.raubacher-hoehe.de\/restaurant-pension-biergarten\/wp-content\/uploads\/2026\/03\/Speiskarte-Maerz-2026.jpg 1600w, https:\/\/www.raubacher-hoehe.de\/restaurant-pension-biergarten\/wp-content\/uploads\/2026\/03\/Speiskarte-Maerz-2026-300x213.jpg 300w, https:\/\/www.raubacher-hoehe.de\/restaurant-pension-biergarten\/wp-content\/uploads\/2026\/03\/Speiskarte-Maerz-2026-1024x728.jpg 1024w, https:\/\/www.raubacher-hoehe.de\/restaurant-pension-biergarten\/wp-content\/uploads\/2026\/03\/Speiskarte-Maerz-2026-768x546.jpg 768w, https:\/\/www.raubacher-hoehe.de\/restaurant-pension-biergarten\/wp-content\/uploads\/2026\/03\/Speiskarte-Maerz-2026-1536x1092.jpg 1536w\" sizes=\"auto, (max-width: 1600px) 100vw, 1600px\" \/><\/a><\/div>\n<h2><a id=\"getraenke\"><\/a>Getr\u00e4nke<\/h2>\n<p><a href=\"https:\/\/www.raubacher-hoehe.de\/restaurant-pension-biergarten\/wp-content\/uploads\/2024\/01\/threema-20240131-160455247.jpg\"><img loading=\"lazy\" decoding=\"async\" class=\"aligncenter size-full wp-image-2314\" src=\"https:\/\/www.raubacher-hoehe.de\/restaurant-pension-biergarten\/wp-content\/uploads\/2024\/01\/threema-20240131-160455247.jpg\" alt=\"\" width=\"776\" height=\"1025\" srcset=\"https:\/\/www.raubacher-hoehe.de\/restaurant-pension-biergarten\/wp-content\/uploads\/2024\/01\/threema-20240131-160455247.jpg 776w, https:\/\/www.raubacher-hoehe.de\/restaurant-pension-biergarten\/wp-content\/uploads\/2024\/01\/threema-20240131-160455247-227x300.jpg 227w, https:\/\/www.raubacher-hoehe.de\/restaurant-pension-biergarten\/wp-content\/uploads\/2024\/01\/threema-20240131-160455247-768x1014.jpg 768w\" sizes=\"auto, (max-width: 776px) 100vw, 776px\" \/><\/a> <a href=\"https:\/\/www.raubacher-hoehe.de\/restaurant-pension-biergarten\/wp-content\/uploads\/2024\/01\/threema-20240131-160455352.jpg\"><img loading=\"lazy\" decoding=\"async\" class=\"aligncenter size-full wp-image-2315\" src=\"https:\/\/www.raubacher-hoehe.de\/restaurant-pension-biergarten\/wp-content\/uploads\/2024\/01\/threema-20240131-160455352.jpg\" alt=\"\" width=\"704\" height=\"1025\" srcset=\"https:\/\/www.raubacher-hoehe.de\/restaurant-pension-biergarten\/wp-content\/uploads\/2024\/01\/threema-20240131-160455352.jpg 704w, https:\/\/www.raubacher-hoehe.de\/restaurant-pension-biergarten\/wp-content\/uploads\/2024\/01\/threema-20240131-160455352-206x300.jpg 206w\" sizes=\"auto, (max-width: 704px) 100vw, 704px\" \/><\/a> <a href=\"https:\/\/www.raubacher-hoehe.de\/restaurant-pension-biergarten\/wp-content\/uploads\/2024\/01\/threema-20240131-160455468.jpg\"><img loading=\"lazy\" decoding=\"async\" class=\"aligncenter size-full wp-image-2316\" src=\"https:\/\/www.raubacher-hoehe.de\/restaurant-pension-biergarten\/wp-content\/uploads\/2024\/01\/threema-20240131-160455468.jpg\" alt=\"\" width=\"655\" height=\"1024\" srcset=\"https:\/\/www.raubacher-hoehe.de\/restaurant-pension-biergarten\/wp-content\/uploads\/2024\/01\/threema-20240131-160455468.jpg 655w, https:\/\/www.raubacher-hoehe.de\/restaurant-pension-biergarten\/wp-content\/uploads\/2024\/01\/threema-20240131-160455468-192x300.jpg 192w\" sizes=\"auto, (max-width: 655px) 100vw, 655px\" \/><\/a><\/p>\n<div class=\"shariff shariff-align-center shariff-widget-align-center\" data-services=\"facebook\" data-url=\"https%3A%2F%2Fwww.raubacher-hoehe.de%2Frestaurant-pension-biergarten%2Fspeisekarte-und-getraenke%2F\" data-timestamp=\"1773388611\" data-backendurl=\"https:\/\/www.raubacher-hoehe.de\/restaurant-pension-biergarten\/wp-json\/shariff\/v1\/share_counts?\"><div class=\"ShariffHeadline\">Teile diesen Beitrag<\/div><ul class=\"shariff-buttons theme-round orientation-horizontal buttonsize-medium\"><li class=\"shariff-button facebook shariff-nocustomcolor\" style=\"background-color:#4273c8\"><a href=\"https:\/\/www.facebook.com\/sharer\/sharer.php?u=https%3A%2F%2Fwww.raubacher-hoehe.de%2Frestaurant-pension-biergarten%2Fspeisekarte-und-getraenke%2F\" title=\"Bei Facebook teilen\" aria-label=\"Bei Facebook teilen\" role=\"button\" rel=\"nofollow\" class=\"shariff-link\" style=\"; background-color:#3b5998; color:#fff\" target=\"_blank\"><span class=\"shariff-icon\" style=\"\"><svg width=\"32px\" height=\"20px\" xmlns=\"http:\/\/www.w3.org\/2000\/svg\" viewBox=\"0 0 18 32\"><path fill=\"#3b5998\" d=\"M17.1 0.2v4.7h-2.8q-1.5 0-2.1 0.6t-0.5 1.9v3.4h5.2l-0.7 5.3h-4.5v13.6h-5.5v-13.6h-4.5v-5.3h4.5v-3.9q0-3.3 1.9-5.2t5-1.8q2.6 0 4.1 0.2z\"\/><\/svg><\/span><\/a><\/li><li class=\"shariff-button threema shariff-nocustomcolor shariff-mobile\" style=\"background-color:#4fbc24\"><a href=\"threema:\/\/compose?text=Speise-%20und%20Getr%C3%A4nkekarte%20https%3A%2F%2Fwww.raubacher-hoehe.de%2Frestaurant-pension-biergarten%2Fspeisekarte-und-getraenke%2F\" title=\"Bei Threema teilen\" aria-label=\"Bei Threema teilen\" role=\"button\" rel=\"noopener nofollow\" class=\"shariff-link\" style=\"; background-color:#1f1f1f; color:#fff\" target=\"_blank\"><span class=\"shariff-icon\" style=\"\"><svg width=\"32px\" height=\"20px\" xmlns=\"http:\/\/www.w3.org\/2000\/svg\" viewBox=\"0 0 32 32\"><path fill=\"#1f1f1f\" d=\"M30.8 10.9c-0.3-1.4-0.9-2.6-1.8-3.8-2-2.6-5.5-4.5-9.4-5.2-1.3-0.2-1.9-0.3-3.5-0.3s-2.2 0-3.5 0.3c-4 0.7-7.4 2.6-9.4 5.2-0.9 1.2-1.5 2.4-1.8 3.8-0.1 0.5-0.2 1.2-0.2 1.6 0 0.4 0.1 1.1 0.2 1.6 0.4 1.9 1.3 3.4 2.9 5 0.8 0.8 0.8 0.8 0.7 1.3 0 0.6-0.5 1.6-1.7 3.6-0.3 0.5-0.5 0.9-0.5 0.9 0 0.1 0.1 0.1 0.5 0 0.8-0.2 2.3-0.6 5.6-1.6 1.1-0.3 1.3-0.4 2.3-0.4 0.8 0 1.1 0 2.3 0.2 1.5 0.2 3.5 0.2 4.9 0 5.1-0.6 9.3-2.9 11.4-6.3 0.5-0.9 0.9-1.8 1.1-2.8 0.1-0.5 0.2-1.1 0.2-1.6 0-0.7-0.1-1.1-0.2-1.6-0.3-1.4 0.1 0.5 0 0zM20.6 17.3c0 0.4-0.4 0.8-0.8 0.8h-7.7c-0.4 0-0.8-0.4-0.8-0.8v-4.6c0-0.4 0.4-0.8 0.8-0.8h0.2l0-1.6c0-0.9 0-1.8 0.1-2 0.1-0.6 0.6-1.2 1.1-1.7s1.1-0.7 1.9-0.8c1.8-0.3 3.7 0.7 4.2 2.2 0.1 0.3 0.1 0.7 0.1 2.1v0 1.7h0.1c0.4 0 0.8 0.4 0.8 0.8v4.6zM15.6 7.3c-0.5 0.1-0.8 0.3-1.2 0.6s-0.6 0.8-0.7 1.3c0 0.2 0 0.8 0 1.5l0 1.2h4.6v-1.3c0-1 0-1.4-0.1-1.6-0.3-1.1-1.5-1.9-2.6-1.7zM25.8 28.2c0 1.2-1 2.2-2.1 2.2s-2.1-1-2.1-2.1c0-1.2 1-2.1 2.2-2.1s2.2 1 2.2 2.2zM18.1 28.2c0 1.2-1 2.2-2.1 2.2s-2.1-1-2.1-2.1c0-1.2 1-2.1 2.2-2.1s2.2 1 2.2 2.2zM10.4 28.2c0 1.2-1 2.2-2.1 2.2s-2.1-1-2.1-2.1c0-1.2 1-2.1 2.2-2.1s2.2 1 2.2 2.2z\"\/><\/svg><\/span><\/a><\/li><li class=\"shariff-button twitter shariff-nocustomcolor\" style=\"background-color:#595959\"><a href=\"https:\/\/twitter.com\/share?url=https%3A%2F%2Fwww.raubacher-hoehe.de%2Frestaurant-pension-biergarten%2Fspeisekarte-und-getraenke%2F&text=Speise-%20und%20Getr%C3%A4nkekarte\" title=\"Bei X teilen\" aria-label=\"Bei X teilen\" role=\"button\" rel=\"noopener nofollow\" class=\"shariff-link\" style=\"; background-color:#000; color:#fff\" target=\"_blank\"><span class=\"shariff-icon\" style=\"\"><svg width=\"32px\" height=\"20px\" xmlns=\"http:\/\/www.w3.org\/2000\/svg\" viewBox=\"0 0 24 24\"><path fill=\"#000\" d=\"M14.258 10.152L23.176 0h-2.113l-7.747 8.813L7.133 0H0l9.352 13.328L0 23.973h2.113l8.176-9.309 6.531 9.309h7.133zm-2.895 3.293l-.949-1.328L2.875 1.56h3.246l6.086 8.523.945 1.328 7.91 11.078h-3.246zm0 0\"\/><\/svg><\/span><\/a><\/li><li class=\"shariff-button whatsapp shariff-nocustomcolor\" style=\"background-color:#5cbe4a\"><a href=\"https:\/\/api.whatsapp.com\/send?text=https%3A%2F%2Fwww.raubacher-hoehe.de%2Frestaurant-pension-biergarten%2Fspeisekarte-und-getraenke%2F%20Speise-%20und%20Getr%C3%A4nkekarte\" title=\"Bei Whatsapp teilen\" aria-label=\"Bei Whatsapp teilen\" role=\"button\" rel=\"noopener nofollow\" class=\"shariff-link\" style=\"; background-color:#34af23; color:#fff\" target=\"_blank\"><span class=\"shariff-icon\" style=\"\"><svg width=\"32px\" height=\"20px\" xmlns=\"http:\/\/www.w3.org\/2000\/svg\" viewBox=\"0 0 32 32\"><path fill=\"#34af23\" d=\"M17.6 17.4q0.2 0 1.7 0.8t1.6 0.9q0 0.1 0 0.3 0 0.6-0.3 1.4-0.3 0.7-1.3 1.2t-1.8 0.5q-1 0-3.4-1.1-1.7-0.8-3-2.1t-2.6-3.3q-1.3-1.9-1.3-3.5v-0.1q0.1-1.6 1.3-2.8 0.4-0.4 0.9-0.4 0.1 0 0.3 0t0.3 0q0.3 0 0.5 0.1t0.3 0.5q0.1 0.4 0.6 1.6t0.4 1.3q0 0.4-0.6 1t-0.6 0.8q0 0.1 0.1 0.3 0.6 1.3 1.8 2.4 1 0.9 2.7 1.8 0.2 0.1 0.4 0.1 0.3 0 1-0.9t0.9-0.9zM14 26.9q2.3 0 4.3-0.9t3.6-2.4 2.4-3.6 0.9-4.3-0.9-4.3-2.4-3.6-3.6-2.4-4.3-0.9-4.3 0.9-3.6 2.4-2.4 3.6-0.9 4.3q0 3.6 2.1 6.6l-1.4 4.2 4.3-1.4q2.8 1.9 6.2 1.9zM14 2.2q2.7 0 5.2 1.1t4.3 2.9 2.9 4.3 1.1 5.2-1.1 5.2-2.9 4.3-4.3 2.9-5.2 1.1q-3.5 0-6.5-1.7l-7.4 2.4 2.4-7.2q-1.9-3.2-1.9-6.9 0-2.7 1.1-5.2t2.9-4.3 4.3-2.9 5.2-1.1z\"\/><\/svg><\/span><\/a><\/li><li class=\"shariff-button printer shariff-nocustomcolor\" style=\"background-color:#a8a8a8\"><a href=\"javascript:window.print()\" title=\"drucken\" aria-label=\"drucken\" role=\"button\" rel=\"noopener nofollow\" class=\"shariff-link\" style=\"; background-color:#999; color:#fff\"><span class=\"shariff-icon\" style=\"\"><svg width=\"32px\" height=\"20px\" xmlns=\"http:\/\/www.w3.org\/2000\/svg\" viewBox=\"0 0 30 32\"><path fill=\"#999\" d=\"M6.8 27.4h16v-4.6h-16v4.6zM6.8 16h16v-6.8h-2.8q-0.7 0-1.2-0.5t-0.5-1.2v-2.8h-11.4v11.4zM27.4 17.2q0-0.5-0.3-0.8t-0.8-0.4-0.8 0.4-0.3 0.8 0.3 0.8 0.8 0.3 0.8-0.3 0.3-0.8zM29.7 17.2v7.4q0 0.2-0.2 0.4t-0.4 0.2h-4v2.8q0 0.7-0.5 1.2t-1.2 0.5h-17.2q-0.7 0-1.2-0.5t-0.5-1.2v-2.8h-4q-0.2 0-0.4-0.2t-0.2-0.4v-7.4q0-1.4 1-2.4t2.4-1h1.2v-9.7q0-0.7 0.5-1.2t1.2-0.5h12q0.7 0 1.6 0.4t1.3 0.8l2.7 2.7q0.5 0.5 0.9 1.4t0.4 1.6v4.6h1.1q1.4 0 2.4 1t1 2.4z\"\/><\/svg><\/span><\/a><\/li><li class=\"shariff-button info shariff-nocustomcolor\" style=\"background-color:#eee\"><a href=\"https:\/\/www.raubacher-hoehe.de\/restaurant-pension-biergarten\/newsletter\/\" title=\"Newsletter\" aria-label=\"Newsletter\" role=\"button\" rel=\"noopener \" class=\"shariff-link\" style=\"; background-color:#fff; color:#fff\" target=\"_blank\"><span class=\"shariff-icon\" style=\"\"><svg width=\"32px\" height=\"20px\" xmlns=\"http:\/\/www.w3.org\/2000\/svg\" viewBox=\"0 0 11 32\"><path fill=\"#999\" d=\"M11.4 24v2.3q0 0.5-0.3 0.8t-0.8 0.4h-9.1q-0.5 0-0.8-0.4t-0.4-0.8v-2.3q0-0.5 0.4-0.8t0.8-0.4h1.1v-6.8h-1.1q-0.5 0-0.8-0.4t-0.4-0.8v-2.3q0-0.5 0.4-0.8t0.8-0.4h6.8q0.5 0 0.8 0.4t0.4 0.8v10.3h1.1q0.5 0 0.8 0.4t0.3 0.8zM9.2 3.4v3.4q0 0.5-0.4 0.8t-0.8 0.4h-4.6q-0.4 0-0.8-0.4t-0.4-0.8v-3.4q0-0.4 0.4-0.8t0.8-0.4h4.6q0.5 0 0.8 0.4t0.4 0.8z\"\/><\/svg><\/span><\/a><\/li><\/ul><\/div>","protected":false},"excerpt":{"rendered":"<p>Unsere aktuellen Speisekarten: Mit Tischreservierung und Vorbestellung sind sie auf der sicheren Seite. &nbsp; Speisen Getr\u00e4nke Getr\u00e4nke<\/p>\n","protected":false},"author":1,"featured_media":0,"parent":0,"menu_order":0,"comment_status":"closed","ping_status":"closed","template":"","meta":{"_monsterinsights_skip_tracking":false,"_monsterinsights_sitenote_active":false,"_monsterinsights_sitenote_note":"","_monsterinsights_sitenote_category":0,"footnotes":""},"class_list":["post-1983","page","type-page","status-publish","hentry"],"yoast_head":"<!-- This site is optimized with the Yoast SEO plugin v27.3 - https:\/\/yoast.com\/product\/yoast-seo-wordpress\/ -->\n<title>Speise- und Getr\u00e4nkekarte &#8211; Landgasthof Raubacher H\u00f6he - Restaurant, Gastst\u00e4tte, Gartenterrasse, Biergarten<\/title>\n<meta name=\"robots\" content=\"index, follow, max-snippet:-1, max-image-preview:large, max-video-preview:-1\" \/>\n<link rel=\"canonical\" href=\"https:\/\/www.raubacher-hoehe.de\/restaurant-pension-biergarten\/speisekarte-und-getraenke\/\" \/>\n<meta property=\"og:locale\" content=\"de_DE\" \/>\n<meta property=\"og:type\" content=\"article\" \/>\n<meta property=\"og:title\" content=\"Speise- und Getr\u00e4nkekarte &#8211; Landgasthof Raubacher H\u00f6he - Restaurant, Gastst\u00e4tte, Gartenterrasse, Biergarten\" \/>\n<meta property=\"og:description\" content=\"Unsere aktuellen Speisekarten: Mit Tischreservierung und Vorbestellung sind sie auf der sicheren Seite. &nbsp; Speisen Getr\u00e4nke Getr\u00e4nke\" \/>\n<meta property=\"og:url\" content=\"https:\/\/www.raubacher-hoehe.de\/restaurant-pension-biergarten\/speisekarte-und-getraenke\/\" \/>\n<meta property=\"og:site_name\" content=\"Landgasthof Raubacher H\u00f6he - Restaurant, Gastst\u00e4tte, Gartenterrasse, Biergarten\" \/>\n<meta property=\"article:publisher\" content=\"https:\/\/de-de.facebook.com\/pages\/LANDGASTHOF-RAUBACHER-H%c3%96HE\/164876543575560\" \/>\n<meta property=\"article:modified_time\" content=\"2026-03-13T06:56:51+00:00\" \/>\n<meta property=\"og:image\" content=\"https:\/\/www.raubacher-hoehe.de\/restaurant-pension-biergarten\/wp-content\/uploads\/2026\/03\/Speiskarte-Maerz-2026.jpg\" \/>\n\t<meta property=\"og:image:width\" content=\"1600\" \/>\n\t<meta property=\"og:image:height\" content=\"1137\" \/>\n\t<meta property=\"og:image:type\" content=\"image\/jpeg\" \/>\n<meta name=\"twitter:card\" content=\"summary_large_image\" \/>\n<meta name=\"twitter:site\" content=\"@raubacherhoehe\" \/>\n<meta name=\"twitter:label1\" content=\"Gesch\u00e4tzte Lesezeit\" \/>\n\t<meta name=\"twitter:data1\" content=\"1\u00a0Minute\" \/>\n<script type=\"application\/ld+json\" class=\"yoast-schema-graph\">{\"@context\":\"https:\\\/\\\/schema.org\",\"@graph\":[{\"@type\":\"WebPage\",\"@id\":\"https:\\\/\\\/www.raubacher-hoehe.de\\\/restaurant-pension-biergarten\\\/speisekarte-und-getraenke\\\/\",\"url\":\"https:\\\/\\\/www.raubacher-hoehe.de\\\/restaurant-pension-biergarten\\\/speisekarte-und-getraenke\\\/\",\"name\":\"Speise- und Getr\u00e4nkekarte &#8211; Landgasthof Raubacher H\u00f6he - Restaurant, Gastst\u00e4tte, Gartenterrasse, Biergarten\",\"isPartOf\":{\"@id\":\"https:\\\/\\\/www.raubacher-hoehe.de\\\/restaurant-pension-biergarten\\\/#website\"},\"primaryImageOfPage\":{\"@id\":\"https:\\\/\\\/www.raubacher-hoehe.de\\\/restaurant-pension-biergarten\\\/speisekarte-und-getraenke\\\/#primaryimage\"},\"image\":{\"@id\":\"https:\\\/\\\/www.raubacher-hoehe.de\\\/restaurant-pension-biergarten\\\/speisekarte-und-getraenke\\\/#primaryimage\"},\"thumbnailUrl\":\"https:\\\/\\\/www.raubacher-hoehe.de\\\/restaurant-pension-biergarten\\\/wp-content\\\/uploads\\\/2026\\\/03\\\/Speiskarte-Maerz-2026.jpg\",\"datePublished\":\"2021-04-22T13:38:17+00:00\",\"dateModified\":\"2026-03-13T06:56:51+00:00\",\"breadcrumb\":{\"@id\":\"https:\\\/\\\/www.raubacher-hoehe.de\\\/restaurant-pension-biergarten\\\/speisekarte-und-getraenke\\\/#breadcrumb\"},\"inLanguage\":\"de\",\"potentialAction\":[{\"@type\":\"ReadAction\",\"target\":[\"https:\\\/\\\/www.raubacher-hoehe.de\\\/restaurant-pension-biergarten\\\/speisekarte-und-getraenke\\\/\"]}]},{\"@type\":\"ImageObject\",\"inLanguage\":\"de\",\"@id\":\"https:\\\/\\\/www.raubacher-hoehe.de\\\/restaurant-pension-biergarten\\\/speisekarte-und-getraenke\\\/#primaryimage\",\"url\":\"https:\\\/\\\/www.raubacher-hoehe.de\\\/restaurant-pension-biergarten\\\/wp-content\\\/uploads\\\/2026\\\/03\\\/Speiskarte-Maerz-2026.jpg\",\"contentUrl\":\"https:\\\/\\\/www.raubacher-hoehe.de\\\/restaurant-pension-biergarten\\\/wp-content\\\/uploads\\\/2026\\\/03\\\/Speiskarte-Maerz-2026.jpg\"},{\"@type\":\"BreadcrumbList\",\"@id\":\"https:\\\/\\\/www.raubacher-hoehe.de\\\/restaurant-pension-biergarten\\\/speisekarte-und-getraenke\\\/#breadcrumb\",\"itemListElement\":[{\"@type\":\"ListItem\",\"position\":1,\"name\":\"Startseite\",\"item\":\"https:\\\/\\\/www.raubacher-hoehe.de\\\/restaurant-pension-biergarten\\\/\"},{\"@type\":\"ListItem\",\"position\":2,\"name\":\"Speise- und Getr\u00e4nkekarte\"}]},{\"@type\":\"WebSite\",\"@id\":\"https:\\\/\\\/www.raubacher-hoehe.de\\\/restaurant-pension-biergarten\\\/#website\",\"url\":\"https:\\\/\\\/www.raubacher-hoehe.de\\\/restaurant-pension-biergarten\\\/\",\"name\":\"Landgasthof Raubacher H\u00f6he - Restaurant, Gastst\u00e4tte, Gartenterrasse, Biergarten\",\"description\":\"Ihr Ausflugslokal im Odenwald\",\"publisher\":{\"@id\":\"https:\\\/\\\/www.raubacher-hoehe.de\\\/restaurant-pension-biergarten\\\/#organization\"},\"potentialAction\":[{\"@type\":\"SearchAction\",\"target\":{\"@type\":\"EntryPoint\",\"urlTemplate\":\"https:\\\/\\\/www.raubacher-hoehe.de\\\/restaurant-pension-biergarten\\\/?s={search_term_string}\"},\"query-input\":{\"@type\":\"PropertyValueSpecification\",\"valueRequired\":true,\"valueName\":\"search_term_string\"}}],\"inLanguage\":\"de\"},{\"@type\":\"Organization\",\"@id\":\"https:\\\/\\\/www.raubacher-hoehe.de\\\/restaurant-pension-biergarten\\\/#organization\",\"name\":\"Landgasthof Raubacher H\u00f6he - Restaurant, Gastst\u00e4tte, Gartenterrasse, Biergarten\",\"url\":\"https:\\\/\\\/www.raubacher-hoehe.de\\\/restaurant-pension-biergarten\\\/\",\"logo\":{\"@type\":\"ImageObject\",\"inLanguage\":\"de\",\"@id\":\"https:\\\/\\\/www.raubacher-hoehe.de\\\/restaurant-pension-biergarten\\\/#\\\/schema\\\/logo\\\/image\\\/\",\"url\":\"https:\\\/\\\/www.raubacher-hoehe.de\\\/restaurant-pension-biergarten\\\/wp-content\\\/uploads\\\/2017\\\/01\\\/cropped-Schleife-Raubacher-Hoehe2-1.png\",\"contentUrl\":\"https:\\\/\\\/www.raubacher-hoehe.de\\\/restaurant-pension-biergarten\\\/wp-content\\\/uploads\\\/2017\\\/01\\\/cropped-Schleife-Raubacher-Hoehe2-1.png\",\"width\":248,\"height\":124,\"caption\":\"Landgasthof Raubacher H\u00f6he - Restaurant, Gastst\u00e4tte, Gartenterrasse, Biergarten\"},\"image\":{\"@id\":\"https:\\\/\\\/www.raubacher-hoehe.de\\\/restaurant-pension-biergarten\\\/#\\\/schema\\\/logo\\\/image\\\/\"},\"sameAs\":[\"https:\\\/\\\/de-de.facebook.com\\\/pages\\\/LANDGASTHOF-RAUBACHER-H\u00d6HE\\\/164876543575560\",\"https:\\\/\\\/x.com\\\/raubacherhoehe\"]}]}<\/script>\n<!-- \/ Yoast SEO plugin. -->","yoast_head_json":{"title":"Speise- und Getr\u00e4nkekarte &#8211; Landgasthof Raubacher H\u00f6he - Restaurant, Gastst\u00e4tte, Gartenterrasse, Biergarten","robots":{"index":"index","follow":"follow","max-snippet":"max-snippet:-1","max-image-preview":"max-image-preview:large","max-video-preview":"max-video-preview:-1"},"canonical":"https:\/\/www.raubacher-hoehe.de\/restaurant-pension-biergarten\/speisekarte-und-getraenke\/","og_locale":"de_DE","og_type":"article","og_title":"Speise- und Getr\u00e4nkekarte &#8211; Landgasthof Raubacher H\u00f6he - Restaurant, Gastst\u00e4tte, Gartenterrasse, Biergarten","og_description":"Unsere aktuellen Speisekarten: Mit Tischreservierung und Vorbestellung sind sie auf der sicheren Seite. &nbsp; Speisen Getr\u00e4nke Getr\u00e4nke","og_url":"https:\/\/www.raubacher-hoehe.de\/restaurant-pension-biergarten\/speisekarte-und-getraenke\/","og_site_name":"Landgasthof Raubacher H\u00f6he - Restaurant, Gastst\u00e4tte, Gartenterrasse, Biergarten","article_publisher":"https:\/\/de-de.facebook.com\/pages\/LANDGASTHOF-RAUBACHER-H%c3%96HE\/164876543575560","article_modified_time":"2026-03-13T06:56:51+00:00","og_image":[{"width":1600,"height":1137,"url":"https:\/\/www.raubacher-hoehe.de\/restaurant-pension-biergarten\/wp-content\/uploads\/2026\/03\/Speiskarte-Maerz-2026.jpg","type":"image\/jpeg"}],"twitter_card":"summary_large_image","twitter_site":"@raubacherhoehe","twitter_misc":{"Gesch\u00e4tzte Lesezeit":"1\u00a0Minute"},"schema":{"@context":"https:\/\/schema.org","@graph":[{"@type":"WebPage","@id":"https:\/\/www.raubacher-hoehe.de\/restaurant-pension-biergarten\/speisekarte-und-getraenke\/","url":"https:\/\/www.raubacher-hoehe.de\/restaurant-pension-biergarten\/speisekarte-und-getraenke\/","name":"Speise- und Getr\u00e4nkekarte &#8211; Landgasthof Raubacher H\u00f6he - Restaurant, Gastst\u00e4tte, Gartenterrasse, Biergarten","isPartOf":{"@id":"https:\/\/www.raubacher-hoehe.de\/restaurant-pension-biergarten\/#website"},"primaryImageOfPage":{"@id":"https:\/\/www.raubacher-hoehe.de\/restaurant-pension-biergarten\/speisekarte-und-getraenke\/#primaryimage"},"image":{"@id":"https:\/\/www.raubacher-hoehe.de\/restaurant-pension-biergarten\/speisekarte-und-getraenke\/#primaryimage"},"thumbnailUrl":"https:\/\/www.raubacher-hoehe.de\/restaurant-pension-biergarten\/wp-content\/uploads\/2026\/03\/Speiskarte-Maerz-2026.jpg","datePublished":"2021-04-22T13:38:17+00:00","dateModified":"2026-03-13T06:56:51+00:00","breadcrumb":{"@id":"https:\/\/www.raubacher-hoehe.de\/restaurant-pension-biergarten\/speisekarte-und-getraenke\/#breadcrumb"},"inLanguage":"de","potentialAction":[{"@type":"ReadAction","target":["https:\/\/www.raubacher-hoehe.de\/restaurant-pension-biergarten\/speisekarte-und-getraenke\/"]}]},{"@type":"ImageObject","inLanguage":"de","@id":"https:\/\/www.raubacher-hoehe.de\/restaurant-pension-biergarten\/speisekarte-und-getraenke\/#primaryimage","url":"https:\/\/www.raubacher-hoehe.de\/restaurant-pension-biergarten\/wp-content\/uploads\/2026\/03\/Speiskarte-Maerz-2026.jpg","contentUrl":"https:\/\/www.raubacher-hoehe.de\/restaurant-pension-biergarten\/wp-content\/uploads\/2026\/03\/Speiskarte-Maerz-2026.jpg"},{"@type":"BreadcrumbList","@id":"https:\/\/www.raubacher-hoehe.de\/restaurant-pension-biergarten\/speisekarte-und-getraenke\/#breadcrumb","itemListElement":[{"@type":"ListItem","position":1,"name":"Startseite","item":"https:\/\/www.raubacher-hoehe.de\/restaurant-pension-biergarten\/"},{"@type":"ListItem","position":2,"name":"Speise- und Getr\u00e4nkekarte"}]},{"@type":"WebSite","@id":"https:\/\/www.raubacher-hoehe.de\/restaurant-pension-biergarten\/#website","url":"https:\/\/www.raubacher-hoehe.de\/restaurant-pension-biergarten\/","name":"Landgasthof Raubacher H\u00f6he - Restaurant, Gastst\u00e4tte, Gartenterrasse, Biergarten","description":"Ihr Ausflugslokal im Odenwald","publisher":{"@id":"https:\/\/www.raubacher-hoehe.de\/restaurant-pension-biergarten\/#organization"},"potentialAction":[{"@type":"SearchAction","target":{"@type":"EntryPoint","urlTemplate":"https:\/\/www.raubacher-hoehe.de\/restaurant-pension-biergarten\/?s={search_term_string}"},"query-input":{"@type":"PropertyValueSpecification","valueRequired":true,"valueName":"search_term_string"}}],"inLanguage":"de"},{"@type":"Organization","@id":"https:\/\/www.raubacher-hoehe.de\/restaurant-pension-biergarten\/#organization","name":"Landgasthof Raubacher H\u00f6he - Restaurant, Gastst\u00e4tte, Gartenterrasse, Biergarten","url":"https:\/\/www.raubacher-hoehe.de\/restaurant-pension-biergarten\/","logo":{"@type":"ImageObject","inLanguage":"de","@id":"https:\/\/www.raubacher-hoehe.de\/restaurant-pension-biergarten\/#\/schema\/logo\/image\/","url":"https:\/\/www.raubacher-hoehe.de\/restaurant-pension-biergarten\/wp-content\/uploads\/2017\/01\/cropped-Schleife-Raubacher-Hoehe2-1.png","contentUrl":"https:\/\/www.raubacher-hoehe.de\/restaurant-pension-biergarten\/wp-content\/uploads\/2017\/01\/cropped-Schleife-Raubacher-Hoehe2-1.png","width":248,"height":124,"caption":"Landgasthof Raubacher H\u00f6he - Restaurant, Gastst\u00e4tte, Gartenterrasse, Biergarten"},"image":{"@id":"https:\/\/www.raubacher-hoehe.de\/restaurant-pension-biergarten\/#\/schema\/logo\/image\/"},"sameAs":["https:\/\/de-de.facebook.com\/pages\/LANDGASTHOF-RAUBACHER-H\u00d6HE\/164876543575560","https:\/\/x.com\/raubacherhoehe"]}]}},"_links":{"self":[{"href":"https:\/\/www.raubacher-hoehe.de\/restaurant-pension-biergarten\/wp-json\/wp\/v2\/pages\/1983","targetHints":{"allow":["GET"]}}],"collection":[{"href":"https:\/\/www.raubacher-hoehe.de\/restaurant-pension-biergarten\/wp-json\/wp\/v2\/pages"}],"about":[{"href":"https:\/\/www.raubacher-hoehe.de\/restaurant-pension-biergarten\/wp-json\/wp\/v2\/types\/page"}],"author":[{"embeddable":true,"href":"https:\/\/www.raubacher-hoehe.de\/restaurant-pension-biergarten\/wp-json\/wp\/v2\/users\/1"}],"replies":[{"embeddable":true,"href":"https:\/\/www.raubacher-hoehe.de\/restaurant-pension-biergarten\/wp-json\/wp\/v2\/comments?post=1983"}],"version-history":[{"count":86,"href":"https:\/\/www.raubacher-hoehe.de\/restaurant-pension-biergarten\/wp-json\/wp\/v2\/pages\/1983\/revisions"}],"predecessor-version":[{"id":2407,"href":"https:\/\/www.raubacher-hoehe.de\/restaurant-pension-biergarten\/wp-json\/wp\/v2\/pages\/1983\/revisions\/2407"}],"wp:attachment":[{"href":"https:\/\/www.raubacher-hoehe.de\/restaurant-pension-biergarten\/wp-json\/wp\/v2\/media?parent=1983"}],"curies":[{"name":"wp","href":"https:\/\/api.w.org\/{rel}","templated":true}]}}